{"id":130,"date":"2018-09-06T16:39:11","date_gmt":"2018-09-06T16:39:11","guid":{"rendered":"http:\/\/lateam-lieto.fi\/?page_id=130"},"modified":"2025-01-19T09:10:20","modified_gmt":"2025-01-19T07:10:20","slug":"vakuutus-ja-lisenssi","status":"publish","type":"page","link":"https:\/\/lateam.fi\/?page_id=130","title":{"rendered":"Vakuutus ja Lisenssi"},"content":{"rendered":"<p>Tapaturmavakuutus kilpailuihin ja harjoituksiin on hankittava erikseen.<\/p>\n<p>Harjoituksissa ja kilpailuissa tapahtuvia tapaturmia varten on hankittava erillinen tapaturmavakuutus. La&#8217; Teamin j\u00e4sen ei ole seuran puolesta vakuutettu kilpailuissa tai tanssiharjoituksissa sattuvia tapaturmia varten.<\/p>\n<p>T\u00e4t\u00e4 varten suosittelemme hankkimaan <a href=\"https:\/\/www.suomisport.fi\/\">suomisport.fi<\/a> lisenssin.<\/p>\n<p>Seuratalkoissa vapaaehtoisty\u00f6t\u00e4 tekeville kuuluu tapaturmavakuutus Suomen Tanssiurheiluliiton kautta.<\/p>\n<p>T\u00e4m\u00e4 vakuutus ei kata harjoituksissa tai kilpailuissa tapahtuvia tapaturmia. Niit\u00e4 varten on otettava erilliset vakuutukset.<\/p>\n","protected":false},"excerpt":{"rendered":"<p>Tapaturmavakuutus kilpailuihin ja harjoituksiin on hankittava erikseen. Harjoituksissa ja kilpailuissa tapahtuvia tapaturmia varten on hankittava erillinen tapaturmavakuutus. La&#8217; Teamin j\u00e4sen ei ole seuran puolesta vakuutettu kilpailuissa tai tanssiharjoituksissa sattuvia tapaturmia varten. T\u00e4t\u00e4 varten suosittelemme hankkimaan suomisport.fi lisenssin. Seuratalkoissa vapaaehtoisty\u00f6t\u00e4 tekeville kuuluu tapaturmavakuutus Suomen Tanssiurheiluliiton kautta. T\u00e4m\u00e4 vakuutus ei kata harjoituksissa tai kilpailuissa tapahtuvia tapaturmia. Niit\u00e4 varten on otettava erilliset vakuutukset.<\/p>\n","protected":false},"author":3,"featured_media":0,"parent":50,"menu_order":1,"comment_status":"closed","ping_status":"closed","template":"","meta":{"footnotes":""},"class_list":["post-130","page","type-page","status-publish","hentry"],"_links":{"self":[{"href":"https:\/\/lateam.fi\/index.php?rest_route=\/wp\/v2\/pages\/130","targetHints":{"allow":["GET"]}}],"collection":[{"href":"https:\/\/lateam.fi\/index.php?rest_route=\/wp\/v2\/pages"}],"about":[{"href":"https:\/\/lateam.fi\/index.php?rest_route=\/wp\/v2\/types\/page"}],"author":[{"embeddable":true,"href":"https:\/\/lateam.fi\/index.php?rest_route=\/wp\/v2\/users\/3"}],"replies":[{"embeddable":true,"href":"https:\/\/lateam.fi\/index.php?rest_route=%2Fwp%2Fv2%2Fcomments&post=130"}],"version-history":[{"count":9,"href":"https:\/\/lateam.fi\/index.php?rest_route=\/wp\/v2\/pages\/130\/revisions"}],"predecessor-version":[{"id":2256,"href":"https:\/\/lateam.fi\/index.php?rest_route=\/wp\/v2\/pages\/130\/revisions\/2256"}],"up":[{"embeddable":true,"href":"https:\/\/lateam.fi\/index.php?rest_route=\/wp\/v2\/pages\/50"}],"wp:attachment":[{"href":"https:\/\/lateam.fi\/index.php?rest_route=%2Fwp%2Fv2%2Fmedia&parent=130"}],"curies":[{"name":"wp","href":"https:\/\/api.w.org\/{rel}","templated":true}]}}