{"id":1662,"date":"2021-12-27T19:11:14","date_gmt":"2021-12-27T17:11:14","guid":{"rendered":"https:\/\/lateam.fi\/?page_id=1662"},"modified":"2025-07-31T20:48:51","modified_gmt":"2025-07-31T17:48:51","slug":"latin-style-2","status":"publish","type":"page","link":"https:\/\/lateam.fi\/?page_id=1662","title":{"rendered":"Soolo lattarit"},"content":{"rendered":"\n<p>Soolo lattarit tunnilla tanssitaan perusaskeleista koostuvia E-D tason koreografioita. Lajeina on samba, cha cha ja jive.<\/p>\n\n\n\n<p>Tunti soveltuu erinomaisesti tekniikan harjoitteluun, koska toistoja tulee paljon ja samalla harjoitellaan tanssin tekniikkaa. Nilkkojen, lantion, vartalon ja k\u00e4sien k\u00e4ytt\u00f6\u00e4.<\/p>\n\n\n\n<p>Sopii kaiken ik\u00e4isille eik\u00e4 tarvita paria.<\/p>\n\n\n\n<figure class=\"wp-block-image size-full is-resized\"><a href=\"https:\/\/lateam.fi\/wp-content\/uploads\/2022\/12\/inCollage_20211210_131705596.jpg\"><img fetchpriority=\"high\" decoding=\"async\" width=\"503\" height=\"893\" src=\"https:\/\/lateam.fi\/wp-content\/uploads\/2022\/12\/inCollage_20211210_131705596.jpg\" alt=\"\" class=\"wp-image-1905\" style=\"width:684px;height:auto\" srcset=\"https:\/\/lateam.fi\/wp-content\/uploads\/2022\/12\/inCollage_20211210_131705596.jpg 503w, https:\/\/lateam.fi\/wp-content\/uploads\/2022\/12\/inCollage_20211210_131705596-169x300.jpg 169w\" sizes=\"(max-width: 503px) 100vw, 503px\" \/><\/a><\/figure>\n","protected":false},"excerpt":{"rendered":"<p>Soolo lattarit tunnilla tanssitaan perusaskeleista koostuvia E-D tason koreografioita. Lajeina on samba, cha cha ja jive. Tunti soveltuu erinomaisesti tekniikan harjoitteluun, koska toistoja tulee paljon ja samalla harjoitellaan tanssin tekniikkaa. Nilkkojen, lantion, vartalon ja k\u00e4sien k\u00e4ytt\u00f6\u00e4. Sopii kaiken ik\u00e4isille eik\u00e4 tarvita paria.<\/p>\n","protected":false},"author":3,"featured_media":0,"parent":0,"menu_order":0,"comment_status":"closed","ping_status":"closed","template":"","meta":{"footnotes":""},"class_list":["post-1662","page","type-page","status-publish","hentry"],"_links":{"self":[{"href":"https:\/\/lateam.fi\/index.php?rest_route=\/wp\/v2\/pages\/1662","targetHints":{"allow":["GET"]}}],"collection":[{"href":"https:\/\/lateam.fi\/index.php?rest_route=\/wp\/v2\/pages"}],"about":[{"href":"https:\/\/lateam.fi\/index.php?rest_route=\/wp\/v2\/types\/page"}],"author":[{"embeddable":true,"href":"https:\/\/lateam.fi\/index.php?rest_route=\/wp\/v2\/users\/3"}],"replies":[{"embeddable":true,"href":"https:\/\/lateam.fi\/index.php?rest_route=%2Fwp%2Fv2%2Fcomments&post=1662"}],"version-history":[{"count":6,"href":"https:\/\/lateam.fi\/index.php?rest_route=\/wp\/v2\/pages\/1662\/revisions"}],"predecessor-version":[{"id":2319,"href":"https:\/\/lateam.fi\/index.php?rest_route=\/wp\/v2\/pages\/1662\/revisions\/2319"}],"wp:attachment":[{"href":"https:\/\/lateam.fi\/index.php?rest_route=%2Fwp%2Fv2%2Fmedia&parent=1662"}],"curies":[{"name":"wp","href":"https:\/\/api.w.org\/{rel}","templated":true}]}}