{"id":1769,"date":"2022-03-16T08:37:55","date_gmt":"2022-03-16T06:37:55","guid":{"rendered":"https:\/\/lateam.fi\/?page_id=1769"},"modified":"2025-01-18T14:11:21","modified_gmt":"2025-01-18T12:11:21","slug":"mehilainen","status":"publish","type":"page","link":"https:\/\/lateam.fi\/?page_id=1769","title":{"rendered":"Mehil\u00e4inen"},"content":{"rendered":"\n<p>Asiointisi Mehil\u00e4isess\u00e4 (ty\u00f6terveyshuoltoa ja suun terveydenhoitoa lukuun ottamatta) kerrytt\u00e4\u00e4 Mehil\u00e4isen seuralle maksamaa tukipottia, kun olet rekister\u00f6itynyt aiempana vuonna Mehil\u00e4isen Urheilunetti-j\u00e4rjestelm\u00e4\u00e4n tai rekister\u00f6idyt nyt matkapuhelimellasi OmaMehil\u00e4inen-sovelluksen OmaUrheilu-palveluun.<\/p>\n\n\n\n<div class=\"wp-block-file\"><a id=\"wp-block-file--media-85aa6da1-243c-45ed-abe8-8d7a61afea81\" href=\"https:\/\/lateam.fi\/wp-content\/uploads\/2022\/12\/OmaUrheilu-aktivointi-suostumuslomake.pdf\" target=\"_blank\" rel=\"noreferrer noopener\">OmaUrheilu-aktivointi-suostumuslomake<\/a><a href=\"https:\/\/lateam.fi\/wp-content\/uploads\/2022\/12\/OmaUrheilu-aktivointi-suostumuslomake.pdf\" class=\"wp-block-file__button wp-element-button\" download aria-describedby=\"wp-block-file--media-85aa6da1-243c-45ed-abe8-8d7a61afea81\">Lataa<\/a><\/div>\n","protected":false},"excerpt":{"rendered":"<p>Asiointisi Mehil\u00e4isess\u00e4 (ty\u00f6terveyshuoltoa ja suun terveydenhoitoa lukuun ottamatta) kerrytt\u00e4\u00e4 Mehil\u00e4isen seuralle maksamaa tukipottia, kun olet rekister\u00f6itynyt aiempana vuonna Mehil\u00e4isen Urheilunetti-j\u00e4rjestelm\u00e4\u00e4n tai rekister\u00f6idyt nyt matkapuhelimellasi OmaMehil\u00e4inen-sovelluksen OmaUrheilu-palveluun.<\/p>\n","protected":false},"author":3,"featured_media":0,"parent":0,"menu_order":0,"comment_status":"closed","ping_status":"closed","template":"","meta":{"footnotes":""},"class_list":["post-1769","page","type-page","status-publish","hentry"],"_links":{"self":[{"href":"https:\/\/lateam.fi\/index.php?rest_route=\/wp\/v2\/pages\/1769","targetHints":{"allow":["GET"]}}],"collection":[{"href":"https:\/\/lateam.fi\/index.php?rest_route=\/wp\/v2\/pages"}],"about":[{"href":"https:\/\/lateam.fi\/index.php?rest_route=\/wp\/v2\/types\/page"}],"author":[{"embeddable":true,"href":"https:\/\/lateam.fi\/index.php?rest_route=\/wp\/v2\/users\/3"}],"replies":[{"embeddable":true,"href":"https:\/\/lateam.fi\/index.php?rest_route=%2Fwp%2Fv2%2Fcomments&post=1769"}],"version-history":[{"count":7,"href":"https:\/\/lateam.fi\/index.php?rest_route=\/wp\/v2\/pages\/1769\/revisions"}],"predecessor-version":[{"id":2249,"href":"https:\/\/lateam.fi\/index.php?rest_route=\/wp\/v2\/pages\/1769\/revisions\/2249"}],"wp:attachment":[{"href":"https:\/\/lateam.fi\/index.php?rest_route=%2Fwp%2Fv2%2Fmedia&parent=1769"}],"curies":[{"name":"wp","href":"https:\/\/api.w.org\/{rel}","templated":true}]}}