{"id":1785,"date":"2022-04-08T12:05:35","date_gmt":"2022-04-08T09:05:35","guid":{"rendered":"https:\/\/lateam.fi\/?page_id=1785"},"modified":"2025-03-17T21:29:10","modified_gmt":"2025-03-17T19:29:10","slug":"k-citymarketit","status":"publish","type":"page","link":"https:\/\/lateam.fi\/?page_id=1785","title":{"rendered":"K-Citymarket"},"content":{"rendered":"\n<p>Kupittaan, L\u00e4nsikeskuksen, Ravattulan ja Skanssin Citymarketit tilitt\u00e4v\u00e4t seuralle 1,5 % rekister\u00f6ityneiden kannattajien Plussa-kortilla Citymarketeissa tekemist\u00e4 ruokaostoista. Kerrytt\u00e4\u00e4kseen sponsorointipottia kannattajan on k\u00e4yt\u00e4v\u00e4 rekister\u00f6itym\u00e4ss\u00e4 koodilla. Kannattajaksi rekister\u00f6ityminen ei v\u00e4henn\u00e4 henkil\u00f6kohtaisia tai perheen Plussa-etuja tai pisteiden tai Plussa-rahan kertymist\u00e4.<\/p>\n\n\n\n<p>Yhden henkil\u00f6n kannattajaj\u00e4seneksi rekister\u00f6ityminen liitt\u00e4\u00e4 koko Plussa-talouden kerrytt\u00e4m\u00e4\u00e4n sponsorointipottia, jolloin kaikilla rinnakkaiskorteillakin tehdyist\u00e4 ostoista kertyy tukea seuralle.<\/p>\n\n\n\n<p>Ohje rekister\u00f6itymiseen:<\/p>\n\n\n\n<ol class=\"wp-block-list\">\n<li>Siirry osoitteeseen <a href=\"https:\/\/plussa.fi\/k-plussa\/kannata-ja-kerryta\">https:\/\/plussa.fi\/k-plussa\/kannata-ja-kerryta<\/a><br>Kirjaudu sis\u00e4\u00e4n oikeasta yl\u00e4kulmasta.<br>Mik\u00e4li sinulla ei ennest\u00e4\u00e4n ole Plussa-korttia, hae ensin korttia t\u00e4\u00e4lt\u00e4: https:\/\/plussa.fi\/liity<br>Jos sinulla on Plussa-kortti mutta et ole aiemmin kirjautunut Plussa.fi-sivustolle, luo K-tunnus Plussa-korttisi avulla, kun olet kirjautunut ensin jollain Plussa.fi-sivuston ehdottamista kirjautumistavoista.<\/li>\n\n\n\n<li>Kun olet kirjautunut sis\u00e4\u00e4n, kannattajaksi p\u00e4\u00e4see liittym\u00e4\u00e4n valitsemalla vasemmalta PROFIILI-otsikon alta Sponsorointikohteet.<\/li>\n\n\n\n<li>Valitse Liity kannattajaksi, lis\u00e4\u00e4 kohdenumerokentt\u00e4\u00e4n koodi SP0912 ja valitse Jatka. Kun seuran nimi on tullut n\u00e4kyviin, valitse Liity kannattajaksi.<\/li>\n<\/ol>\n","protected":false},"excerpt":{"rendered":"<p>Kupittaan, L\u00e4nsikeskuksen, Ravattulan ja Skanssin Citymarketit tilitt\u00e4v\u00e4t seuralle 1,5 % rekister\u00f6ityneiden kannattajien Plussa-kortilla Citymarketeissa tekemist\u00e4 ruokaostoista. Kerrytt\u00e4\u00e4kseen sponsorointipottia kannattajan on k\u00e4yt\u00e4v\u00e4 rekister\u00f6itym\u00e4ss\u00e4 koodilla. Kannattajaksi rekister\u00f6ityminen ei v\u00e4henn\u00e4 henkil\u00f6kohtaisia tai perheen Plussa-etuja tai pisteiden tai Plussa-rahan kertymist\u00e4. Yhden henkil\u00f6n kannattajaj\u00e4seneksi rekister\u00f6ityminen liitt\u00e4\u00e4 koko Plussa-talouden kerrytt\u00e4m\u00e4\u00e4n sponsorointipottia, jolloin kaikilla rinnakkaiskorteillakin tehdyist\u00e4 ostoista kertyy tukea seuralle. Ohje rekister\u00f6itymiseen:<\/p>\n","protected":false},"author":3,"featured_media":0,"parent":0,"menu_order":0,"comment_status":"closed","ping_status":"closed","template":"","meta":{"footnotes":""},"class_list":["post-1785","page","type-page","status-publish","hentry"],"_links":{"self":[{"href":"https:\/\/lateam.fi\/index.php?rest_route=\/wp\/v2\/pages\/1785","targetHints":{"allow":["GET"]}}],"collection":[{"href":"https:\/\/lateam.fi\/index.php?rest_route=\/wp\/v2\/pages"}],"about":[{"href":"https:\/\/lateam.fi\/index.php?rest_route=\/wp\/v2\/types\/page"}],"author":[{"embeddable":true,"href":"https:\/\/lateam.fi\/index.php?rest_route=\/wp\/v2\/users\/3"}],"replies":[{"embeddable":true,"href":"https:\/\/lateam.fi\/index.php?rest_route=%2Fwp%2Fv2%2Fcomments&post=1785"}],"version-history":[{"count":5,"href":"https:\/\/lateam.fi\/index.php?rest_route=\/wp\/v2\/pages\/1785\/revisions"}],"predecessor-version":[{"id":2274,"href":"https:\/\/lateam.fi\/index.php?rest_route=\/wp\/v2\/pages\/1785\/revisions\/2274"}],"wp:attachment":[{"href":"https:\/\/lateam.fi\/index.php?rest_route=%2Fwp%2Fv2%2Fmedia&parent=1785"}],"curies":[{"name":"wp","href":"https:\/\/api.w.org\/{rel}","templated":true}]}}