{"id":1852,"date":"2022-10-10T17:42:49","date_gmt":"2022-10-10T14:42:49","guid":{"rendered":"https:\/\/lateam.fi\/?page_id=1852"},"modified":"2025-01-18T13:38:25","modified_gmt":"2025-01-18T11:38:25","slug":"salivuokraus","status":"publish","type":"page","link":"https:\/\/lateam.fi\/?page_id=1852","title":{"rendered":"Salivuokraus"},"content":{"rendered":"\n<p>SALIN VUOKRAUS<br>La&#8217;Team vuokraa my\u00f6s seuran ulkopuolisille k\u00e4ytt\u00e4jille isoa salia ett\u00e4 pienemp\u00e4\u00e4 salia k\u00e4ytett\u00e4v\u00e4ksi arkisin klo 10-14. Salit sijaitsevat Turun It\u00e4harjulla l\u00e4hell\u00e4 Kupittaan rautatieasemaa osoitteessa Teollisuuskatu 28 (2. krs). Molemmissa valoisissa saleissa on parketti, peilit ja \u00e4\u00e4nentoistolaitteistot, isommassa salissa my\u00f6s tangot.<br>Iso sali: 14 m x 18 m, 252 m2<br>Pikkusali: 5 m x 7 m, 35 m2<br>K\u00e4ytett\u00e4viss\u00e4 on my\u00f6s naisten ja miesten pukuhuoneet, wc:t, suihku ja keitti\u00f6tila.<br>Tiedustelut ja varaukset: sihteeri@lateam.fi<\/p>\n\n\n\n<figure class=\"wp-block-image size-full\"><a href=\"https:\/\/lateam.fi\/wp-content\/uploads\/2022\/10\/IMG-20221010-WA0005.jpg\"><img fetchpriority=\"high\" decoding=\"async\" width=\"1024\" height=\"768\" src=\"https:\/\/lateam.fi\/wp-content\/uploads\/2022\/10\/IMG-20221010-WA0005.jpg\" alt=\"Iso sali\" class=\"wp-image-1859\" srcset=\"https:\/\/lateam.fi\/wp-content\/uploads\/2022\/10\/IMG-20221010-WA0005.jpg 1024w, https:\/\/lateam.fi\/wp-content\/uploads\/2022\/10\/IMG-20221010-WA0005-300x225.jpg 300w, https:\/\/lateam.fi\/wp-content\/uploads\/2022\/10\/IMG-20221010-WA0005-768x576.jpg 768w\" sizes=\"(max-width: 1024px) 100vw, 1024px\" \/><\/a><figcaption class=\"wp-element-caption\"><strong>Iso sali: 14 m x 18 m, 252 m2<\/strong><\/figcaption><\/figure>\n\n\n\n<p><\/p>\n\n\n\n<figure class=\"wp-block-image size-large\"><a href=\"https:\/\/lateam.fi\/wp-content\/uploads\/2022\/10\/IMG_20220814_104005077_HDR-1-scaled.jpg\"><img decoding=\"async\" width=\"1024\" height=\"461\" src=\"https:\/\/lateam.fi\/wp-content\/uploads\/2022\/10\/IMG_20220814_104005077_HDR-1-1024x461.jpg\" alt=\"Pikkusali\" class=\"wp-image-1853\" srcset=\"https:\/\/lateam.fi\/wp-content\/uploads\/2022\/10\/IMG_20220814_104005077_HDR-1-1024x461.jpg 1024w, https:\/\/lateam.fi\/wp-content\/uploads\/2022\/10\/IMG_20220814_104005077_HDR-1-300x135.jpg 300w, https:\/\/lateam.fi\/wp-content\/uploads\/2022\/10\/IMG_20220814_104005077_HDR-1-768x346.jpg 768w, https:\/\/lateam.fi\/wp-content\/uploads\/2022\/10\/IMG_20220814_104005077_HDR-1-1536x691.jpg 1536w, https:\/\/lateam.fi\/wp-content\/uploads\/2022\/10\/IMG_20220814_104005077_HDR-1-2048x922.jpg 2048w, https:\/\/lateam.fi\/wp-content\/uploads\/2022\/10\/IMG_20220814_104005077_HDR-1-1140x513.jpg 1140w\" sizes=\"(max-width: 1024px) 100vw, 1024px\" \/><\/a><figcaption class=\"wp-element-caption\"><strong>Pikkusali: 5 m x 7 m, 35 m2<\/strong><\/figcaption><\/figure>\n\n\n\n<p><\/p>\n","protected":false},"excerpt":{"rendered":"<p>SALIN VUOKRAUSLa&#8217;Team vuokraa my\u00f6s seuran ulkopuolisille k\u00e4ytt\u00e4jille isoa salia ett\u00e4 pienemp\u00e4\u00e4 salia k\u00e4ytett\u00e4v\u00e4ksi arkisin klo 10-14. Salit sijaitsevat Turun It\u00e4harjulla l\u00e4hell\u00e4 Kupittaan rautatieasemaa osoitteessa Teollisuuskatu 28 (2. krs). Molemmissa valoisissa saleissa on parketti, peilit ja \u00e4\u00e4nentoistolaitteistot, isommassa salissa my\u00f6s tangot.Iso sali: 14 m x 18 m, 252 m2Pikkusali: 5 m x 7 m, 35 m2K\u00e4ytett\u00e4viss\u00e4 on my\u00f6s naisten ja miesten pukuhuoneet, wc:t, suihku ja keitti\u00f6tila.Tiedustelut ja varaukset: sihteeri@lateam.fi<\/p>\n","protected":false},"author":3,"featured_media":0,"parent":0,"menu_order":0,"comment_status":"closed","ping_status":"closed","template":"","meta":{"footnotes":""},"class_list":["post-1852","page","type-page","status-publish","hentry"],"_links":{"self":[{"href":"https:\/\/lateam.fi\/index.php?rest_route=\/wp\/v2\/pages\/1852","targetHints":{"allow":["GET"]}}],"collection":[{"href":"https:\/\/lateam.fi\/index.php?rest_route=\/wp\/v2\/pages"}],"about":[{"href":"https:\/\/lateam.fi\/index.php?rest_route=\/wp\/v2\/types\/page"}],"author":[{"embeddable":true,"href":"https:\/\/lateam.fi\/index.php?rest_route=\/wp\/v2\/users\/3"}],"replies":[{"embeddable":true,"href":"https:\/\/lateam.fi\/index.php?rest_route=%2Fwp%2Fv2%2Fcomments&post=1852"}],"version-history":[{"count":4,"href":"https:\/\/lateam.fi\/index.php?rest_route=\/wp\/v2\/pages\/1852\/revisions"}],"predecessor-version":[{"id":2242,"href":"https:\/\/lateam.fi\/index.php?rest_route=\/wp\/v2\/pages\/1852\/revisions\/2242"}],"wp:attachment":[{"href":"https:\/\/lateam.fi\/index.php?rest_route=%2Fwp%2Fv2%2Fmedia&parent=1852"}],"curies":[{"name":"wp","href":"https:\/\/api.w.org\/{rel}","templated":true}]}}