{"id":1973,"date":"2023-04-01T09:33:53","date_gmt":"2023-04-01T06:33:53","guid":{"rendered":"https:\/\/lateam.fi\/?page_id=1973"},"modified":"2025-01-18T12:58:04","modified_gmt":"2025-01-18T10:58:04","slug":"seuran-saannot","status":"publish","type":"page","link":"https:\/\/lateam.fi\/?page_id=1973","title":{"rendered":"Seuran s\u00e4\u00e4nn\u00f6t"},"content":{"rendered":"\n<div class=\"wp-block-file\"><a id=\"wp-block-file--media-e580c0c4-c7cb-46d7-abb8-0f4b7edb99c9\" href=\"https:\/\/lateam.fi\/wp-content\/uploads\/2023\/04\/La-Team-ry-saannot-1.pdf\">La-Team-ry-saannot-1<\/a><a href=\"https:\/\/lateam.fi\/wp-content\/uploads\/2023\/04\/La-Team-ry-saannot-1.pdf\" class=\"wp-block-file__button wp-element-button\" download aria-describedby=\"wp-block-file--media-e580c0c4-c7cb-46d7-abb8-0f4b7edb99c9\">Lataa<\/a><\/div>\n","protected":false},"excerpt":{"rendered":"","protected":false},"author":3,"featured_media":0,"parent":0,"menu_order":0,"comment_status":"closed","ping_status":"closed","template":"","meta":{"footnotes":""},"class_list":["post-1973","page","type-page","status-publish","hentry"],"_links":{"self":[{"href":"https:\/\/lateam.fi\/index.php?rest_route=\/wp\/v2\/pages\/1973","targetHints":{"allow":["GET"]}}],"collection":[{"href":"https:\/\/lateam.fi\/index.php?rest_route=\/wp\/v2\/pages"}],"about":[{"href":"https:\/\/lateam.fi\/index.php?rest_route=\/wp\/v2\/types\/page"}],"author":[{"embeddable":true,"href":"https:\/\/lateam.fi\/index.php?rest_route=\/wp\/v2\/users\/3"}],"replies":[{"embeddable":true,"href":"https:\/\/lateam.fi\/index.php?rest_route=%2Fwp%2Fv2%2Fcomments&post=1973"}],"version-history":[{"count":3,"href":"https:\/\/lateam.fi\/index.php?rest_route=\/wp\/v2\/pages\/1973\/revisions"}],"predecessor-version":[{"id":2230,"href":"https:\/\/lateam.fi\/index.php?rest_route=\/wp\/v2\/pages\/1973\/revisions\/2230"}],"wp:attachment":[{"href":"https:\/\/lateam.fi\/index.php?rest_route=%2Fwp%2Fv2%2Fmedia&parent=1973"}],"curies":[{"name":"wp","href":"https:\/\/api.w.org\/{rel}","templated":true}]}}