{"id":221,"date":"2018-09-07T04:20:38","date_gmt":"2018-09-07T04:20:38","guid":{"rendered":"http:\/\/lateam-lieto.fi\/?page_id=221"},"modified":"2025-06-02T15:01:50","modified_gmt":"2025-06-02T12:01:50","slug":"la-team","status":"publish","type":"page","link":"https:\/\/lateam.fi\/?page_id=221","title":{"rendered":"La&#8217; Team ry"},"content":{"rendered":"<p style=\"text-align: left;\">La&#8217; Team ry on vuonna 1997 perustettu Lietoon. 2021 La&#8217; Team yhdistyi kaarinalaisen tanssiurheiluseura Fregolinan kanssa ja kotipaikaksi tuli Kaarina.<\/p>\n<p style=\"text-align: left;\">La&#8217; Team on Suomen Tanssiurheiluliiton j\u00e4senseura ja urheilumuotona on kilpatanssi.<br \/>\nLa&#8217; Team on ollut Nuori Suomi -sinettiseura, ja kev\u00e4\u00e4st\u00e4 2018 alkaen seura on kuulunut mukaan suomalaisen urheiluseuratoiminnan laatuohjelmaan eli T\u00e4htiseura-ohjelmaan. Ohjelman tunnuksena olevan T\u00e4htimerkin seura sai toukokuussa 2018. Auditointi uusittu joulukuussa 2019.<\/p>\n<p style=\"text-align: left;\">La&#8217; Team j\u00e4rjest\u00e4\u00e4 valmennusta eri taitoluokissa ja ik\u00e4sarjoissa. Harrastus aloitetaan alkeisryhm\u00e4ss\u00e4, johon voi tulla my\u00f6s ilman paria. Kilpatanssi sopii kaiken ik\u00e4isille.<\/p>\n<p style=\"text-align: left;\">Seuran toimintaa py\u00f6ritet\u00e4\u00e4n vapaaehtoisvoimin ja talkooty\u00f6n\u00e4. Toiminnan ydinryhm\u00e4n muodostaa johtokunta, joka koostuu tanssivien lasten ja nuorten vanhemmista. Johtokunnan lis\u00e4ksi mukana h\u00e4\u00e4rii suuri joukko muita vapaaehtoisia vanhempia ja tukijoukkoja.<\/p>\n<p style=\"text-align: left;\">La&#8217; Team j\u00e4rjest\u00e4\u00e4 vuosittain kahdet tanssikilpailut. T\u00e4h\u00e4n asti suurin voimainkoitos kilpailujen saralla olivat syksyll\u00e4 2007 ja 2024 j\u00e4rjestetyt kymppitanssin SM-kilpailut.<\/p>\n<p style=\"text-align: left;\">La&#8217; Teamin tanssijat k\u00e4yv\u00e4t my\u00f6s esiintym\u00e4ss\u00e4. Meilt\u00e4 voit tilata tanssiesityksi\u00e4 juhliin ja muihin tilaisuuksiin tai vaan ihan p\u00e4iv\u00e4n piristykseksi.<\/p>\n","protected":false},"excerpt":{"rendered":"<p>La&#8217; Team ry on vuonna 1997 perustettu Lietoon. 2021 La&#8217; Team yhdistyi kaarinalaisen tanssiurheiluseura Fregolinan kanssa ja kotipaikaksi tuli Kaarina. La&#8217; Team on Suomen Tanssiurheiluliiton j\u00e4senseura ja urheilumuotona on kilpatanssi. La&#8217; Team on ollut Nuori Suomi -sinettiseura, ja kev\u00e4\u00e4st\u00e4 2018 alkaen seura on kuulunut mukaan suomalaisen urheiluseuratoiminnan laatuohjelmaan eli T\u00e4htiseura-ohjelmaan. Ohjelman tunnuksena olevan T\u00e4htimerkin seura sai toukokuussa 2018. Auditointi uusittu joulukuussa 2019. La&#8217; Team j\u00e4rjest\u00e4\u00e4 valmennusta eri taitoluokissa ja ik\u00e4sarjoissa. Harrastus aloitetaan alkeisryhm\u00e4ss\u00e4, johon voi tulla my\u00f6s ilman paria. Kilpatanssi sopii kaiken ik\u00e4isille. Seuran toimintaa py\u00f6ritet\u00e4\u00e4n vapaaehtoisvoimin ja talkooty\u00f6n\u00e4. Toiminnan ydinryhm\u00e4n muodostaa johtokunta, joka koostuu tanssivien lasten ja nuorten vanhemmista. Johtokunnan lis\u00e4ksi mukana h\u00e4\u00e4rii suuri joukko muita vapaaehtoisia vanhempia ja tukijoukkoja. La&#8217; Team j\u00e4rjest\u00e4\u00e4 vuosittain kahdet tanssikilpailut. T\u00e4h\u00e4n asti suurin voimainkoitos kilpailujen saralla olivat syksyll\u00e4 2007 ja 2024 j\u00e4rjestetyt kymppitanssin SM-kilpailut. La&#8217; Teamin tanssijat k\u00e4yv\u00e4t my\u00f6s esiintym\u00e4ss\u00e4. Meilt\u00e4 voit tilata tanssiesityksi\u00e4 juhliin ja muihin tilaisuuksiin tai vaan ihan p\u00e4iv\u00e4n piristykseksi.<\/p>\n","protected":false},"author":3,"featured_media":0,"parent":218,"menu_order":0,"comment_status":"closed","ping_status":"closed","template":"","meta":{"footnotes":""},"class_list":["post-221","page","type-page","status-publish","hentry"],"_links":{"self":[{"href":"https:\/\/lateam.fi\/index.php?rest_route=\/wp\/v2\/pages\/221","targetHints":{"allow":["GET"]}}],"collection":[{"href":"https:\/\/lateam.fi\/index.php?rest_route=\/wp\/v2\/pages"}],"about":[{"href":"https:\/\/lateam.fi\/index.php?rest_route=\/wp\/v2\/types\/page"}],"author":[{"embeddable":true,"href":"https:\/\/lateam.fi\/index.php?rest_route=\/wp\/v2\/users\/3"}],"replies":[{"embeddable":true,"href":"https:\/\/lateam.fi\/index.php?rest_route=%2Fwp%2Fv2%2Fcomments&post=221"}],"version-history":[{"count":11,"href":"https:\/\/lateam.fi\/index.php?rest_route=\/wp\/v2\/pages\/221\/revisions"}],"predecessor-version":[{"id":2301,"href":"https:\/\/lateam.fi\/index.php?rest_route=\/wp\/v2\/pages\/221\/revisions\/2301"}],"up":[{"embeddable":true,"href":"https:\/\/lateam.fi\/index.php?rest_route=\/wp\/v2\/pages\/218"}],"wp:attachment":[{"href":"https:\/\/lateam.fi\/index.php?rest_route=%2Fwp%2Fv2%2Fmedia&parent=221"}],"curies":[{"name":"wp","href":"https:\/\/api.w.org\/{rel}","templated":true}]}}