{"id":234,"date":"2018-09-07T04:33:38","date_gmt":"2018-09-07T04:33:38","guid":{"rendered":"http:\/\/lateam-lieto.fi\/?page_id=234"},"modified":"2025-06-02T14:48:05","modified_gmt":"2025-06-02T11:48:05","slug":"syksyn-ryhmat","status":"publish","type":"page","link":"https:\/\/lateam.fi\/?page_id=234","title":{"rendered":"Ryhm\u00e4t"},"content":{"rendered":"\n<p><strong><span class=\"has-inline-color has-pale-pink-color\">MAANANTAI <\/span><\/strong><\/p>\n\n\n\n<p><strong>klo 18-20 Practise<\/strong> ~ Santeri T\u00e4tt\u00e4l\u00e4inen<\/p>\n\n\n\n<p><\/p>\n\n\n\n<p><strong><span class=\"has-inline-color has-pale-pink-color\">KESKIVIIKKO <\/span><\/strong><\/p>\n\n\n\n<p><strong>Ammattivalmennusp\u00e4iv\u00e4 n. klo 14-22 <\/strong>+ mahdolliset vakio\/lattariryhm\u00e4t<\/p>\n\n\n\n<p><strong><span class=\"has-inline-color has-pale-pink-color\">TORSTAI <\/span><\/strong><\/p>\n\n\n\n<p><\/p>\n\n\n\n<p><strong>Klo 16.30 &#8211; 17.15 Practise<\/strong> ~ Erika Pala<\/p>\n\n\n\n<p><strong>klo 17<\/strong>.<strong>15<\/strong> &#8211;<strong> 18.15 Alkeis- ja jatkoryhm<\/strong>\u00e4 ~ Erika Pala<\/p>\n\n\n\n<p><strong>klo 18.15 &#8211; 19.15  Latin Style<\/strong><strong> <\/strong>~Erika Pala<\/p>\n\n\n\n<p><\/p>\n","protected":false},"excerpt":{"rendered":"<p>MAANANTAI klo 18-20 Practise ~ Santeri T\u00e4tt\u00e4l\u00e4inen KESKIVIIKKO Ammattivalmennusp\u00e4iv\u00e4 n. klo 14-22 + mahdolliset vakio\/lattariryhm\u00e4t TORSTAI Klo 16.30 &#8211; 17.15 Practise ~ Erika Pala klo 17.15 &#8211; 18.15 Alkeis- ja jatkoryhm\u00e4 ~ Erika Pala klo 18.15 &#8211; 19.15 Latin Style ~Erika Pala<\/p>\n","protected":false},"author":3,"featured_media":0,"parent":225,"menu_order":0,"comment_status":"closed","ping_status":"closed","template":"","meta":{"footnotes":""},"class_list":["post-234","page","type-page","status-publish","hentry"],"_links":{"self":[{"href":"https:\/\/lateam.fi\/index.php?rest_route=\/wp\/v2\/pages\/234","targetHints":{"allow":["GET"]}}],"collection":[{"href":"https:\/\/lateam.fi\/index.php?rest_route=\/wp\/v2\/pages"}],"about":[{"href":"https:\/\/lateam.fi\/index.php?rest_route=\/wp\/v2\/types\/page"}],"author":[{"embeddable":true,"href":"https:\/\/lateam.fi\/index.php?rest_route=\/wp\/v2\/users\/3"}],"replies":[{"embeddable":true,"href":"https:\/\/lateam.fi\/index.php?rest_route=%2Fwp%2Fv2%2Fcomments&post=234"}],"version-history":[{"count":39,"href":"https:\/\/lateam.fi\/index.php?rest_route=\/wp\/v2\/pages\/234\/revisions"}],"predecessor-version":[{"id":2299,"href":"https:\/\/lateam.fi\/index.php?rest_route=\/wp\/v2\/pages\/234\/revisions\/2299"}],"up":[{"embeddable":true,"href":"https:\/\/lateam.fi\/index.php?rest_route=\/wp\/v2\/pages\/225"}],"wp:attachment":[{"href":"https:\/\/lateam.fi\/index.php?rest_route=%2Fwp%2Fv2%2Fmedia&parent=234"}],"curies":[{"name":"wp","href":"https:\/\/api.w.org\/{rel}","templated":true}]}}