{"id":273,"date":"2018-09-07T17:16:59","date_gmt":"2018-09-07T17:16:59","guid":{"rendered":"http:\/\/lateam-lieto.fi\/?page_id=273"},"modified":"2025-01-18T13:16:37","modified_gmt":"2025-01-18T11:16:37","slug":"hinnasto","status":"publish","type":"page","link":"https:\/\/lateam.fi\/?page_id=273","title":{"rendered":"Hinnasto"},"content":{"rendered":"\n<p class=\"has-vivid-green-cyan-color has-text-color\"><\/p>\n\n\n\n<p class=\"has-vivid-cyan-blue-color has-text-color\">&nbsp;<\/p>\n\n\n\n<p><\/p>\n\n\n\n<p><\/p>\n\n\n\n<figure class=\"wp-block-image size-large\"><a href=\"https:\/\/lateam.fi\/wp-content\/uploads\/2024\/07\/InCollage_20240702_122001614-scaled.jpg\"><img fetchpriority=\"high\" decoding=\"async\" width=\"1024\" height=\"918\" src=\"https:\/\/lateam.fi\/wp-content\/uploads\/2024\/07\/InCollage_20240702_122001614-1024x918.jpg\" alt=\"\" class=\"wp-image-2169\" srcset=\"https:\/\/lateam.fi\/wp-content\/uploads\/2024\/07\/InCollage_20240702_122001614-1024x918.jpg 1024w, https:\/\/lateam.fi\/wp-content\/uploads\/2024\/07\/InCollage_20240702_122001614-300x269.jpg 300w, https:\/\/lateam.fi\/wp-content\/uploads\/2024\/07\/InCollage_20240702_122001614-768x689.jpg 768w, https:\/\/lateam.fi\/wp-content\/uploads\/2024\/07\/InCollage_20240702_122001614-1536x1377.jpg 1536w, https:\/\/lateam.fi\/wp-content\/uploads\/2024\/07\/InCollage_20240702_122001614-2048x1837.jpg 2048w\" sizes=\"(max-width: 1024px) 100vw, 1024px\" \/><\/a><\/figure>\n\n\n\n<p><\/p>\n\n\n\n<p><strong>AMMATTIVALMENNUKSEN RYHM\u00c3TUNNIT<\/strong><\/p>\n\n\n\n<p>Vakiot tai\u00a0lattarit\u00a0vuoroviikoin 45min, seuran omille tanssijoille\u00a0<strong>10\u20ac\/kerta<\/strong>, muille\u00a0<strong>15\u20ac\/kerta<\/strong><\/p>\n\n\n\n<p><strong>AMMATTIVALMENNUKSEN MATKAKULUT:<\/strong>\u00a0<br>Lattarip\u00e4iv\u00e4n\u00a0yks\u00e4reilt\u00e4\u00a0ker\u00e4t\u00e4\u00e4n matkakulut seuraavanlaisesti.\u00a0<\/p>\n\n\n\n<p>Lattariryhm\u00e4\u00a0p\u00e4iv\u00e4n\u00e4 matkakulu on 10\u20ac Maksu oikeuttaa p\u00e4\u00e4syn p\u00e4iv\u00e4n tekniikkaryhm\u00e4\u00e4n.\u00a0<\/p>\n\n\n\n<p>Ellei ole ryhm\u00e4\u00e4. Matkakulu on seuran omilta edustuspareilta<strong> 5\u20ac<\/strong>\u00a0ja muilta\u00a0<strong>10\u20ac<\/strong>.\u00a0\u00a0<\/p>\n\n\n\n<p><strong>J\u00c3SENMAKSU: 30\u20ac\/vuosi\/henkil\u00f6<\/strong>\u00a0<br>Kaikki ryhm\u00e4t ja n\u00e4iden kausimaksut edellytt\u00e4v\u00e4t seuran j\u00e4senmaksun suorittamista. J\u00e4senmaksu perit\u00e4\u00e4n alkuvuodesta tammi-helmikuussa, tai syyskaudella mukaan tulleilta syyskuussa\u00a0<\/p>\n\n\n\n<p>Mik\u00e4li tanssija aloittaa kesken kauden, ryhm\u00e4maksun suuruudesta\u00a0<br>sovitaan erikseen. Kerran peritty\u00e4 ryhm\u00e4- ja j\u00e4senmaksua ei palauteta vaikka tanssija lopettaisi kesken kauden.\u00a0<\/p>\n","protected":false},"excerpt":{"rendered":"<p>&nbsp; AMMATTIVALMENNUKSEN RYHM\u00c3TUNNIT Vakiot tai\u00a0lattarit\u00a0vuoroviikoin 45min, seuran omille tanssijoille\u00a010\u20ac\/kerta, muille\u00a015\u20ac\/kerta AMMATTIVALMENNUKSEN MATKAKULUT:\u00a0Lattarip\u00e4iv\u00e4n\u00a0yks\u00e4reilt\u00e4\u00a0ker\u00e4t\u00e4\u00e4n matkakulut seuraavanlaisesti.\u00a0 Lattariryhm\u00e4\u00a0p\u00e4iv\u00e4n\u00e4 matkakulu on 10\u20ac Maksu oikeuttaa p\u00e4\u00e4syn p\u00e4iv\u00e4n tekniikkaryhm\u00e4\u00e4n.\u00a0 Ellei ole ryhm\u00e4\u00e4. Matkakulu on seuran omilta edustuspareilta 5\u20ac\u00a0ja muilta\u00a010\u20ac.\u00a0\u00a0 J\u00c3SENMAKSU: 30\u20ac\/vuosi\/henkil\u00f6\u00a0Kaikki ryhm\u00e4t ja n\u00e4iden kausimaksut edellytt\u00e4v\u00e4t seuran j\u00e4senmaksun suorittamista. J\u00e4senmaksu perit\u00e4\u00e4n alkuvuodesta tammi-helmikuussa, tai syyskaudella mukaan tulleilta syyskuussa\u00a0 Mik\u00e4li tanssija aloittaa kesken kauden, ryhm\u00e4maksun suuruudesta\u00a0sovitaan erikseen. Kerran peritty\u00e4 ryhm\u00e4- ja j\u00e4senmaksua ei palauteta vaikka tanssija lopettaisi kesken kauden.\u00a0<\/p>\n","protected":false},"author":3,"featured_media":0,"parent":193,"menu_order":0,"comment_status":"closed","ping_status":"closed","template":"","meta":{"footnotes":""},"class_list":["post-273","page","type-page","status-publish","hentry"],"_links":{"self":[{"href":"https:\/\/lateam.fi\/index.php?rest_route=\/wp\/v2\/pages\/273","targetHints":{"allow":["GET"]}}],"collection":[{"href":"https:\/\/lateam.fi\/index.php?rest_route=\/wp\/v2\/pages"}],"about":[{"href":"https:\/\/lateam.fi\/index.php?rest_route=\/wp\/v2\/types\/page"}],"author":[{"embeddable":true,"href":"https:\/\/lateam.fi\/index.php?rest_route=\/wp\/v2\/users\/3"}],"replies":[{"embeddable":true,"href":"https:\/\/lateam.fi\/index.php?rest_route=%2Fwp%2Fv2%2Fcomments&post=273"}],"version-history":[{"count":40,"href":"https:\/\/lateam.fi\/index.php?rest_route=\/wp\/v2\/pages\/273\/revisions"}],"predecessor-version":[{"id":2240,"href":"https:\/\/lateam.fi\/index.php?rest_route=\/wp\/v2\/pages\/273\/revisions\/2240"}],"up":[{"embeddable":true,"href":"https:\/\/lateam.fi\/index.php?rest_route=\/wp\/v2\/pages\/193"}],"wp:attachment":[{"href":"https:\/\/lateam.fi\/index.php?rest_route=%2Fwp%2Fv2%2Fmedia&parent=273"}],"curies":[{"name":"wp","href":"https:\/\/api.w.org\/{rel}","templated":true}]}}