{"id":277,"date":"2018-09-07T17:27:55","date_gmt":"2018-09-07T17:27:55","guid":{"rendered":"http:\/\/lateam-lieto.fi\/?page_id=277"},"modified":"2025-01-18T12:54:21","modified_gmt":"2025-01-18T10:54:21","slug":"jasenmaksu","status":"publish","type":"page","link":"https:\/\/lateam.fi\/?page_id=277","title":{"rendered":"J\u00e4senmaksu"},"content":{"rendered":"\n<p>Seuran j\u00e4senmaksu on 30 euroa vuodessa.<\/p>\n\n\n\n<div class=\"wp-block-file\"><a id=\"wp-block-file--media-b74f9122-da8f-49f0-b115-27c3f728be64\" href=\"https:\/\/lateam.fi\/wp-content\/uploads\/2021\/01\/Jasenlomake.kevat-2021.pdf\">Jasenlomake.kevat-2021<\/a><a href=\"https:\/\/lateam.fi\/wp-content\/uploads\/2021\/01\/Jasenlomake.kevat-2021.pdf\" class=\"wp-block-file__button wp-element-button\" download aria-describedby=\"wp-block-file--media-b74f9122-da8f-49f0-b115-27c3f728be64\">Lataa<\/a><\/div>\n\n\n\n<p>J\u00e4senmaksu ker\u00e4t\u00e4\u00e4n tammikuussa kaikilta tanssijoilta, sek\u00e4 syyskaudella kaikilta tuolloin mukaan tulleilta.<\/p>\n\n\n\n<p>Lis\u00e4ksi j\u00e4senmaksua tarjotaan jokaisen alaik\u00e4isen tanssijan huoltajalle. J\u00e4senmaksu ei ole huoltajalle pakollinen, mutta sen maksamista suositellaan, koska iso osa tanssijoista on alle 18-vuotiaita ja seuralla ei olisi ilman aikuisj\u00e4seni\u00e4 henkil\u00f6it\u00e4 esim. johtokuntaan. J\u00e4senmaksun maksaneilla 15 vuotta t\u00e4ytt\u00e4neill\u00e4 on \u00e4\u00e4nioikeus seuran syys- ja kev\u00e4tkokouksessa.<\/p>\n\n\n\n<p>Kaikki ryhm\u00e4maksut ker\u00e4t\u00e4\u00e4n kev\u00e4t- ja syyskaudelta erikseen.<\/p>\n\n\n\n<p>Ryhm\u00e4maksu perit\u00e4\u00e4n kaikilta seuran ryhm\u00e4tunneille osallistuvilta tanssijoilta.<\/p>\n\n\n\n<p>Tanssija katsotaan ryhm\u00e4n vakioj\u00e4seneksi sen j\u00e4lkeen, kun h\u00e4n on osallistunut kolmannelle ryhm\u00e4tunnille (toisin sanoen kaksi kertaa voi kokeilla ilmaiseksi).<\/p>\n\n\n\n<p>Ryhm\u00e4maksu oikeuttaa osallistumaan yhteen viikottaiseen, ohjattuun ryhm\u00e4tuntiin. Tarjolla on useita practise- ja tanssiryhmi\u00e4 kaiken ik\u00e4isille ja tasoisille harrastajille.<\/p>\n\n\n\n<p>Kerran peritty\u00e4 ryhm\u00e4- ja j\u00e4senmaksua ei palauteta tanssijalle takaisin, vaikka tanssija lopettaisi tai sairastuisi pidemm\u00e4ksi ajaksi kesken kautta. Tanssijalla ei ole oikeutta aloittaa uutta kautta tai varata itselleen uutta valmennusta, mik\u00e4li h\u00e4nell\u00e4 on avoimia laskuja seuralle.<\/p>\n\n\n\n<p>Ryhm\u00e4maksun voi suorittaa k\u00e4teiselll\u00e4, mobilepaylla tai pankkikortilla kauden alussa ja kuitti maksusta l\u00e4hetet\u00e4\u00e4n maksajan s\u00e4hk\u00f6postiin. Hinnasto ja aikataulut p\u00e4ivitet\u00e4\u00e4n aina seuran nettisivuille.<\/p>\n\n\n\n<p>Ryhm\u00e4maksu ei sis\u00e4ll\u00e4 vakuutusta. Kaikkien kilpailevien tanssijoiden on maksettava Suomen Tanssiurheiluliiton lisenssimaksu kalenterivuosittain.<\/p>\n\n\n\n<p>Ohjeet lisenssin ostamiseen l\u00f6yd\u00e4t osoitteesta <a href=\"https:\/\/info.suomisport.fi\/\">https:\/\/info.suomisport.fi\/<\/a><\/p>\n\n\n\n<p>Mik\u00e4li tanssija ei viel\u00e4 kilpaile ja omistaa tapaturmavakuutuksen, kannattaa omasta vakuutusyhti\u00f6st\u00e4 tarkastaa, korvaako vakuutus kilpaurheilulajin harjoittelussa tapahtuneet vahingot.<\/p>\n\n\n\n<p>Jos omaa vakuutusta ei ole, harjoittelua varten kannattaa ostaa ns. harjoituslisenssi (H-lisenssi). Seura suosittelee t\u00e4t\u00e4 vahvasti!<\/p>\n\n\n\n<p>Pyyd\u00e4n, ett\u00e4 palautat ilmoittautumislomakkeen tanssisalissa sijaitsevaan lukittuun harmaaseen postilaatikkoon.<\/p>\n\n\n\n<p>Tanssijoiden tiedot kootaan Tanssiurheiluliiton Dancecore j\u00e4senrekisteriin, jonne merkit\u00e4\u00e4n tanssijan nimi, hetu, kotiosoite, s\u00e4hk\u00f6postiosoite ja puhelinnumero, sek\u00e4 mahdollisen huoltajan nimi, hetu, puhelinnumero sek\u00e4 osoite ja s\u00e4hk\u00f6postiosoite. Henkil\u00f6tunnuksen luovutusta varten on erillinen suostumuslomake. Seura ei s\u00e4ilyt\u00e4 kenenk\u00e4\u00e4n henkil\u00f6tunnusta, eiv\u00e4tk\u00e4 ne ole seuran j\u00e4senten luettavissa rekister\u00f6innin j\u00e4lkeen.<\/p>\n\n\n\n<p>Rekisterin p\u00e4ivitysoikeus on seuran sihteerill\u00e4 ja j\u00e4senvastaavalla. Jokainen tanssija voi tarkistaa ja muuttaa Dancecoressa omia tietojaan, ja t\u00e4m\u00e4n ohjelman kautta hoituu my\u00f6s kilpailuihin ilmoittautumiset.<\/p>\n\n\n\n<p>Linkki t\u00e4h\u00e4n Tanssiurheiluliiton yll\u00e4pit\u00e4m\u00e4\u00e4n ohjelmaan l\u00f6ytyy seuran sek\u00e4 my\u00f6s liiton nettisivuilta.<\/p>\n\n\n\n<p>Seuran virallinen tiedotuskanava on seuran nettisivut, vaikka joitakin tiedotteita v\u00e4litet\u00e4\u00e4n my\u00f6s s\u00e4hk\u00f6postitse ja \u00e4killiset tuntien peruutukset ym. ilmoitetaan WhatsApp viestill\u00e4.<\/p>\n\n\n\n<p>Seuralla on my\u00f6s Facebook sek\u00e4 Instagram sivustot, mutta ne toimivat p\u00e4\u00e4asiassa seuran julkisina valokuva-albumeina.<\/p>\n\n\n\n<p><\/p>\n","protected":false},"excerpt":{"rendered":"<p>Seuran j\u00e4senmaksu on 30 euroa vuodessa. J\u00e4senmaksu ker\u00e4t\u00e4\u00e4n tammikuussa kaikilta tanssijoilta, sek\u00e4 syyskaudella kaikilta tuolloin mukaan tulleilta. Lis\u00e4ksi j\u00e4senmaksua tarjotaan jokaisen alaik\u00e4isen tanssijan huoltajalle. J\u00e4senmaksu ei ole huoltajalle pakollinen, mutta sen maksamista suositellaan, koska iso osa tanssijoista on alle 18-vuotiaita ja seuralla ei olisi ilman aikuisj\u00e4seni\u00e4 henkil\u00f6it\u00e4 esim. johtokuntaan. J\u00e4senmaksun maksaneilla 15 vuotta t\u00e4ytt\u00e4neill\u00e4 on \u00e4\u00e4nioikeus seuran syys- ja kev\u00e4tkokouksessa. Kaikki ryhm\u00e4maksut ker\u00e4t\u00e4\u00e4n kev\u00e4t- ja syyskaudelta erikseen. Ryhm\u00e4maksu perit\u00e4\u00e4n kaikilta seuran ryhm\u00e4tunneille osallistuvilta tanssijoilta. Tanssija katsotaan ryhm\u00e4n vakioj\u00e4seneksi sen j\u00e4lkeen, kun h\u00e4n on osallistunut kolmannelle ryhm\u00e4tunnille (toisin sanoen kaksi kertaa voi kokeilla ilmaiseksi). Ryhm\u00e4maksu oikeuttaa osallistumaan yhteen viikottaiseen, ohjattuun ryhm\u00e4tuntiin. Tarjolla on useita practise- ja tanssiryhmi\u00e4 kaiken ik\u00e4isille ja tasoisille harrastajille. Kerran peritty\u00e4 ryhm\u00e4- ja j\u00e4senmaksua ei palauteta tanssijalle takaisin, vaikka tanssija lopettaisi tai sairastuisi pidemm\u00e4ksi ajaksi kesken kautta. Tanssijalla ei ole oikeutta aloittaa uutta kautta tai varata itselleen uutta valmennusta, mik\u00e4li h\u00e4nell\u00e4 on avoimia laskuja seuralle. Ryhm\u00e4maksun voi suorittaa k\u00e4teiselll\u00e4, mobilepaylla tai pankkikortilla kauden alussa ja kuitti maksusta l\u00e4hetet\u00e4\u00e4n maksajan s\u00e4hk\u00f6postiin. Hinnasto ja aikataulut p\u00e4ivitet\u00e4\u00e4n aina seuran nettisivuille. Ryhm\u00e4maksu ei sis\u00e4ll\u00e4 vakuutusta. Kaikkien kilpailevien tanssijoiden on maksettava Suomen Tanssiurheiluliiton lisenssimaksu kalenterivuosittain. Ohjeet lisenssin ostamiseen l\u00f6yd\u00e4t osoitteesta https:\/\/info.suomisport.fi\/ Mik\u00e4li tanssija ei viel\u00e4 kilpaile ja omistaa tapaturmavakuutuksen, kannattaa omasta vakuutusyhti\u00f6st\u00e4 tarkastaa, korvaako vakuutus kilpaurheilulajin harjoittelussa tapahtuneet vahingot. Jos omaa vakuutusta ei ole, harjoittelua varten kannattaa ostaa ns. harjoituslisenssi (H-lisenssi). Seura suosittelee t\u00e4t\u00e4 vahvasti! Pyyd\u00e4n, ett\u00e4 palautat ilmoittautumislomakkeen tanssisalissa sijaitsevaan lukittuun harmaaseen postilaatikkoon. Tanssijoiden tiedot kootaan Tanssiurheiluliiton Dancecore j\u00e4senrekisteriin, jonne merkit\u00e4\u00e4n tanssijan nimi, hetu, kotiosoite, s\u00e4hk\u00f6postiosoite ja puhelinnumero, sek\u00e4 mahdollisen huoltajan nimi, hetu, puhelinnumero sek\u00e4 osoite ja s\u00e4hk\u00f6postiosoite. Henkil\u00f6tunnuksen luovutusta varten on erillinen suostumuslomake. Seura ei s\u00e4ilyt\u00e4 kenenk\u00e4\u00e4n henkil\u00f6tunnusta, eiv\u00e4tk\u00e4 ne ole seuran j\u00e4senten luettavissa rekister\u00f6innin j\u00e4lkeen. Rekisterin p\u00e4ivitysoikeus on seuran sihteerill\u00e4 ja j\u00e4senvastaavalla. Jokainen tanssija voi tarkistaa ja muuttaa Dancecoressa omia tietojaan, ja t\u00e4m\u00e4n ohjelman kautta hoituu my\u00f6s kilpailuihin ilmoittautumiset. Linkki t\u00e4h\u00e4n Tanssiurheiluliiton yll\u00e4pit\u00e4m\u00e4\u00e4n ohjelmaan l\u00f6ytyy seuran sek\u00e4 my\u00f6s liiton nettisivuilta. Seuran virallinen tiedotuskanava on seuran nettisivut, vaikka joitakin tiedotteita v\u00e4litet\u00e4\u00e4n my\u00f6s s\u00e4hk\u00f6postitse ja \u00e4killiset tuntien peruutukset ym. ilmoitetaan WhatsApp viestill\u00e4. Seuralla on my\u00f6s Facebook sek\u00e4 Instagram sivustot, mutta ne toimivat p\u00e4\u00e4asiassa seuran julkisina valokuva-albumeina.<\/p>\n","protected":false},"author":3,"featured_media":0,"parent":45,"menu_order":0,"comment_status":"closed","ping_status":"closed","template":"","meta":{"footnotes":""},"class_list":["post-277","page","type-page","status-publish","hentry"],"_links":{"self":[{"href":"https:\/\/lateam.fi\/index.php?rest_route=\/wp\/v2\/pages\/277","targetHints":{"allow":["GET"]}}],"collection":[{"href":"https:\/\/lateam.fi\/index.php?rest_route=\/wp\/v2\/pages"}],"about":[{"href":"https:\/\/lateam.fi\/index.php?rest_route=\/wp\/v2\/types\/page"}],"author":[{"embeddable":true,"href":"https:\/\/lateam.fi\/index.php?rest_route=\/wp\/v2\/users\/3"}],"replies":[{"embeddable":true,"href":"https:\/\/lateam.fi\/index.php?rest_route=%2Fwp%2Fv2%2Fcomments&post=277"}],"version-history":[{"count":8,"href":"https:\/\/lateam.fi\/index.php?rest_route=\/wp\/v2\/pages\/277\/revisions"}],"predecessor-version":[{"id":2222,"href":"https:\/\/lateam.fi\/index.php?rest_route=\/wp\/v2\/pages\/277\/revisions\/2222"}],"up":[{"embeddable":true,"href":"https:\/\/lateam.fi\/index.php?rest_route=\/wp\/v2\/pages\/45"}],"wp:attachment":[{"href":"https:\/\/lateam.fi\/index.php?rest_route=%2Fwp%2Fv2%2Fmedia&parent=277"}],"curies":[{"name":"wp","href":"https:\/\/api.w.org\/{rel}","templated":true}]}}