{"id":479,"date":"2018-11-21T23:06:21","date_gmt":"2018-11-21T21:06:21","guid":{"rendered":"http:\/\/lateam-lieto.fi\/?page_id=479"},"modified":"2025-01-18T14:13:35","modified_gmt":"2025-01-18T12:13:35","slug":"tilaa-tanssiesitys","status":"publish","type":"page","link":"https:\/\/lateam.fi\/?page_id=479","title":{"rendered":"Tilaa tanssiesitys"},"content":{"rendered":"<p>Tilaa nyt pirist\u00e4v\u00e4 tanssiesitys h\u00e4ihin, pikkujouluihin, syntym\u00e4p\u00e4iville, yrityksen tilaisuuksiin, muille kekkereille tai vaikka virkistykseksi vanhainkotiin!<\/p>\n<p>Kilpatanssi sopii ohjelmanumeroksi tilanteeseen kuin tilanteeseen ja l\u00e4hes joka paikkaan, miss\u00e4 vaan mahtuu tanssimaan.<\/p>\n<p>Esiintyj\u00e4t ovat lapsia, nuoria tai aikuisia. Hoidamme itse musiikin ja juontamisen ja tuomme oman soittimen. Tarvitsemme vain tilan tanssia.<\/p>\n<p>Luonnollisesti voimme muokata esityst\u00e4 ja sen pituutta tilaajan toiveiden mukaisesti. Hinnat sopimuksen mukaan.<\/p>\n<p>Vakiotanssit: hidas englantilainen valssi,tango,wieninvalssi,foxtrot ja quickstep<\/p>\n<p>Latinalaistanssit: samba,cha-cha,rumba,paso doble ja jive<\/p>\n<p>kysy lis\u00e4\u00e4!<\/p>\n<p>sihteeri@lateam.fi<\/p>\n<p>Tanssiurheiluseura<br \/>\nLa&#8217; Team ry.<br \/>\nY-tunnus 1101258-4<\/p>\n","protected":false},"excerpt":{"rendered":"<p>Tilaa nyt pirist\u00e4v\u00e4 tanssiesitys h\u00e4ihin, pikkujouluihin, syntym\u00e4p\u00e4iville, yrityksen tilaisuuksiin, muille kekkereille tai vaikka virkistykseksi vanhainkotiin! Kilpatanssi sopii ohjelmanumeroksi tilanteeseen kuin tilanteeseen ja l\u00e4hes joka paikkaan, miss\u00e4 vaan mahtuu tanssimaan. Esiintyj\u00e4t ovat lapsia, nuoria tai aikuisia. Hoidamme itse musiikin ja juontamisen ja tuomme oman soittimen. Tarvitsemme vain tilan tanssia. Luonnollisesti voimme muokata esityst\u00e4 ja sen pituutta tilaajan toiveiden mukaisesti. Hinnat sopimuksen mukaan. Vakiotanssit: hidas englantilainen valssi,tango,wieninvalssi,foxtrot ja quickstep Latinalaistanssit: samba,cha-cha,rumba,paso doble ja jive kysy lis\u00e4\u00e4! sihteeri@lateam.fi Tanssiurheiluseura La&#8217; Team ry. Y-tunnus 1101258-4<\/p>\n","protected":false},"author":3,"featured_media":0,"parent":0,"menu_order":0,"comment_status":"closed","ping_status":"closed","template":"","meta":{"footnotes":""},"class_list":["post-479","page","type-page","status-publish","hentry"],"_links":{"self":[{"href":"https:\/\/lateam.fi\/index.php?rest_route=\/wp\/v2\/pages\/479","targetHints":{"allow":["GET"]}}],"collection":[{"href":"https:\/\/lateam.fi\/index.php?rest_route=\/wp\/v2\/pages"}],"about":[{"href":"https:\/\/lateam.fi\/index.php?rest_route=\/wp\/v2\/types\/page"}],"author":[{"embeddable":true,"href":"https:\/\/lateam.fi\/index.php?rest_route=\/wp\/v2\/users\/3"}],"replies":[{"embeddable":true,"href":"https:\/\/lateam.fi\/index.php?rest_route=%2Fwp%2Fv2%2Fcomments&post=479"}],"version-history":[{"count":12,"href":"https:\/\/lateam.fi\/index.php?rest_route=\/wp\/v2\/pages\/479\/revisions"}],"predecessor-version":[{"id":2250,"href":"https:\/\/lateam.fi\/index.php?rest_route=\/wp\/v2\/pages\/479\/revisions\/2250"}],"wp:attachment":[{"href":"https:\/\/lateam.fi\/index.php?rest_route=%2Fwp%2Fv2%2Fmedia&parent=479"}],"curies":[{"name":"wp","href":"https:\/\/api.w.org\/{rel}","templated":true}]}}