{"id":86,"date":"2018-09-06T13:38:18","date_gmt":"2018-09-06T13:38:18","guid":{"rendered":"http:\/\/lateam-lieto.fi\/?page_id=86"},"modified":"2025-01-18T13:10:53","modified_gmt":"2025-01-18T11:10:53","slug":"seuravalmentajat","status":"publish","type":"page","link":"https:\/\/lateam.fi\/?page_id=86","title":{"rendered":"Seuravalmentajat"},"content":{"rendered":"<p>Erika Pala<\/p>\n<ul>\n<li>Seuravalmentajana toimii Erika Pala.\u00a0 Erika on kotoisin Unkarista ja h\u00e4nell\u00e4 on siell\u00e4 menestyksek\u00e4s ura niin 10-tanssissa kuin muodostelmatanssissakin. H\u00e4n on valmistunut Unkarin Dance Academysta. Tanssi on kuulunut h\u00e4nen el\u00e4m\u00e4\u00e4ns\u00e4 yli 40 vuotta. Viimeiset 7 vuotta Erika on ohjannut ryhmi\u00e4 Suomessa.<\/li>\n<\/ul>\n<p>Santeri T\u00e4tt\u00e4l\u00e4inen<\/p>\n<ul>\n<li>Practise<\/li>\n<\/ul>\n<p>Luna Lavonen<\/p>\n<ul>\n<li>Lapset \/ juniorit tekniikka<\/li>\n<\/ul>\n","protected":false},"excerpt":{"rendered":"<p>Erika Pala Seuravalmentajana toimii Erika Pala.\u00a0 Erika on kotoisin Unkarista ja h\u00e4nell\u00e4 on siell\u00e4 menestyksek\u00e4s ura niin 10-tanssissa kuin muodostelmatanssissakin. H\u00e4n on valmistunut Unkarin Dance Academysta. Tanssi on kuulunut h\u00e4nen el\u00e4m\u00e4\u00e4ns\u00e4 yli 40 vuotta. Viimeiset 7 vuotta Erika on ohjannut ryhmi\u00e4 Suomessa. Santeri T\u00e4tt\u00e4l\u00e4inen Practise Luna Lavonen Lapset \/ juniorit tekniikka<\/p>\n","protected":false},"author":3,"featured_media":0,"parent":47,"menu_order":1,"comment_status":"closed","ping_status":"closed","template":"","meta":{"footnotes":""},"class_list":["post-86","page","type-page","status-publish","hentry"],"_links":{"self":[{"href":"https:\/\/lateam.fi\/index.php?rest_route=\/wp\/v2\/pages\/86","targetHints":{"allow":["GET"]}}],"collection":[{"href":"https:\/\/lateam.fi\/index.php?rest_route=\/wp\/v2\/pages"}],"about":[{"href":"https:\/\/lateam.fi\/index.php?rest_route=\/wp\/v2\/types\/page"}],"author":[{"embeddable":true,"href":"https:\/\/lateam.fi\/index.php?rest_route=\/wp\/v2\/users\/3"}],"replies":[{"embeddable":true,"href":"https:\/\/lateam.fi\/index.php?rest_route=%2Fwp%2Fv2%2Fcomments&post=86"}],"version-history":[{"count":11,"href":"https:\/\/lateam.fi\/index.php?rest_route=\/wp\/v2\/pages\/86\/revisions"}],"predecessor-version":[{"id":2236,"href":"https:\/\/lateam.fi\/index.php?rest_route=\/wp\/v2\/pages\/86\/revisions\/2236"}],"up":[{"embeddable":true,"href":"https:\/\/lateam.fi\/index.php?rest_route=\/wp\/v2\/pages\/47"}],"wp:attachment":[{"href":"https:\/\/lateam.fi\/index.php?rest_route=%2Fwp%2Fv2%2Fmedia&parent=86"}],"curies":[{"name":"wp","href":"https:\/\/api.w.org\/{rel}","templated":true}]}}