{"id":97,"date":"2018-09-06T14:18:47","date_gmt":"2018-09-06T14:18:47","guid":{"rendered":"http:\/\/lateam-lieto.fi\/?page_id=97"},"modified":"2025-01-19T09:07:58","modified_gmt":"2025-01-19T07:07:58","slug":"ammattivalmennus","status":"publish","type":"page","link":"https:\/\/lateam.fi\/?page_id=97","title":{"rendered":"Ammattivalmennus"},"content":{"rendered":"<p style=\"text-align: left;\">Seuran ammattivalmentajina toimivat lattareissa Mikko Kaasalainen ja Adrienn Fitori, sek\u00e4 vakioissa Mika Jauhiainen ja Nitta Iliev.<\/p>\n<p style=\"text-align: left;\">Mikko Kaasalainen ja Adrienn Fitori ovat tanssineet yhdess\u00e4 v. 2003 l\u00e4htien ja he ovat saavuttaneet useita suomenmestaruuksia, Pohjois-Euroopan mestaruuden, EM-pronssia sek\u00e4 Latinalaistanssien maailmanmestaruuden v.2015.<\/p>\n<p style=\"text-align: left;\">He ovat saaneet my\u00f6s monia kansainv\u00e4lisi\u00e4 tunnustuspalkintoja ja kunniamainintoja kilpailuista ymp\u00e4ri maailmaa. Maailmanmestaruuden j\u00e4lkeen he ovat jatkaneet tanssia opettajina, kouluttajina ja showtanssijoina. He ovat kumpikin certifioituja ammattilaisopettajia ja toimivat my\u00f6s aktiivisesti tuomareina kilpailuissa.<\/p>\n<p style=\"text-align: left;\">Mika Jauhiainen ja Nitta Iliev tanssivat my\u00f6s urallaan pitk\u00e4\u00e4n yhdess\u00e4. He saavuttivat parina kahdeksan vakiotanssien suomenmestaruutta, ja lis\u00e4ksi he edustivat Suomea menestyksekk\u00e4\u00e4sti EM- ja MM-kilpailuissa, sek\u00e4 voittivat arvostetun Blackpool Rising Star -kilpailun.<\/p>\n<p style=\"text-align: left;\">\nMikalla on WDSF:n korkein ammattivalmentajatutkinto vakiotansseissa, sek\u00e4 toiseksi korkein tutkinto lattareissa. Nitta on suorittanut kotimaisen STOL-tutkinnon lis\u00e4ksi IDTA:n Licenciate-tutkinnon. He molemmat toimivat my\u00f6s aktiivisesti tuomareina kilpailuissa.<\/p>\n","protected":false},"excerpt":{"rendered":"<p>Seuran ammattivalmentajina toimivat lattareissa Mikko Kaasalainen ja Adrienn Fitori, sek\u00e4 vakioissa Mika Jauhiainen ja Nitta Iliev. Mikko Kaasalainen ja Adrienn Fitori ovat tanssineet yhdess\u00e4 v. 2003 l\u00e4htien ja he ovat saavuttaneet useita suomenmestaruuksia, Pohjois-Euroopan mestaruuden, EM-pronssia sek\u00e4 Latinalaistanssien maailmanmestaruuden v.2015. He ovat saaneet my\u00f6s monia kansainv\u00e4lisi\u00e4 tunnustuspalkintoja ja kunniamainintoja kilpailuista ymp\u00e4ri maailmaa. Maailmanmestaruuden j\u00e4lkeen he ovat jatkaneet tanssia opettajina, kouluttajina ja showtanssijoina. He ovat kumpikin certifioituja ammattilaisopettajia ja toimivat my\u00f6s aktiivisesti tuomareina kilpailuissa. Mika Jauhiainen ja Nitta Iliev tanssivat my\u00f6s urallaan pitk\u00e4\u00e4n yhdess\u00e4. He saavuttivat parina kahdeksan vakiotanssien suomenmestaruutta, ja lis\u00e4ksi he edustivat Suomea menestyksekk\u00e4\u00e4sti EM- ja MM-kilpailuissa, sek\u00e4 voittivat arvostetun Blackpool Rising Star -kilpailun. Mikalla on WDSF:n korkein ammattivalmentajatutkinto vakiotansseissa, sek\u00e4 toiseksi korkein tutkinto lattareissa. Nitta on suorittanut kotimaisen STOL-tutkinnon lis\u00e4ksi IDTA:n Licenciate-tutkinnon. He molemmat toimivat my\u00f6s aktiivisesti tuomareina kilpailuissa.<\/p>\n","protected":false},"author":3,"featured_media":0,"parent":47,"menu_order":2,"comment_status":"closed","ping_status":"closed","template":"","meta":{"footnotes":""},"class_list":["post-97","page","type-page","status-publish","hentry"],"_links":{"self":[{"href":"https:\/\/lateam.fi\/index.php?rest_route=\/wp\/v2\/pages\/97","targetHints":{"allow":["GET"]}}],"collection":[{"href":"https:\/\/lateam.fi\/index.php?rest_route=\/wp\/v2\/pages"}],"about":[{"href":"https:\/\/lateam.fi\/index.php?rest_route=\/wp\/v2\/types\/page"}],"author":[{"embeddable":true,"href":"https:\/\/lateam.fi\/index.php?rest_route=\/wp\/v2\/users\/3"}],"replies":[{"embeddable":true,"href":"https:\/\/lateam.fi\/index.php?rest_route=%2Fwp%2Fv2%2Fcomments&post=97"}],"version-history":[{"count":12,"href":"https:\/\/lateam.fi\/index.php?rest_route=\/wp\/v2\/pages\/97\/revisions"}],"predecessor-version":[{"id":2255,"href":"https:\/\/lateam.fi\/index.php?rest_route=\/wp\/v2\/pages\/97\/revisions\/2255"}],"up":[{"embeddable":true,"href":"https:\/\/lateam.fi\/index.php?rest_route=\/wp\/v2\/pages\/47"}],"wp:attachment":[{"href":"https:\/\/lateam.fi\/index.php?rest_route=%2Fwp%2Fv2%2Fmedia&parent=97"}],"curies":[{"name":"wp","href":"https:\/\/api.w.org\/{rel}","templated":true}]}}