{"id":991,"date":"2019-10-29T20:13:36","date_gmt":"2019-10-29T18:13:36","guid":{"rendered":"https:\/\/lateam-lieto.fi\/?page_id=991"},"modified":"2025-01-18T12:57:35","modified_gmt":"2025-01-18T10:57:35","slug":"pelisaannot-2019","status":"publish","type":"page","link":"https:\/\/lateam.fi\/?page_id=991","title":{"rendered":"Salis\u00e4\u00e4nn\u00f6t"},"content":{"rendered":"\n<div class=\"wp-block-file\"><a href=\"https:\/\/lateam.fi\/wp-content\/uploads\/2021\/03\/Salisaannot2021-2.pdf\">Salis\u00e4\u00e4nn\u00f6t pdf<\/a><a href=\"https:\/\/lateam.fi\/wp-content\/uploads\/2021\/03\/Salisaannot2021-2.pdf\" class=\"wp-block-file__button wp-element-button\" download>Lataa<\/a><\/div>\n\n\n\n<p><\/p>\n","protected":false},"excerpt":{"rendered":"","protected":false},"author":3,"featured_media":0,"parent":0,"menu_order":0,"comment_status":"closed","ping_status":"closed","template":"","meta":{"footnotes":""},"class_list":["post-991","page","type-page","status-publish","hentry"],"_links":{"self":[{"href":"https:\/\/lateam.fi\/index.php?rest_route=\/wp\/v2\/pages\/991","targetHints":{"allow":["GET"]}}],"collection":[{"href":"https:\/\/lateam.fi\/index.php?rest_route=\/wp\/v2\/pages"}],"about":[{"href":"https:\/\/lateam.fi\/index.php?rest_route=\/wp\/v2\/types\/page"}],"author":[{"embeddable":true,"href":"https:\/\/lateam.fi\/index.php?rest_route=\/wp\/v2\/users\/3"}],"replies":[{"embeddable":true,"href":"https:\/\/lateam.fi\/index.php?rest_route=%2Fwp%2Fv2%2Fcomments&post=991"}],"version-history":[{"count":7,"href":"https:\/\/lateam.fi\/index.php?rest_route=\/wp\/v2\/pages\/991\/revisions"}],"predecessor-version":[{"id":2229,"href":"https:\/\/lateam.fi\/index.php?rest_route=\/wp\/v2\/pages\/991\/revisions\/2229"}],"wp:attachment":[{"href":"https:\/\/lateam.fi\/index.php?rest_route=%2Fwp%2Fv2%2Fmedia&parent=991"}],"curies":[{"name":"wp","href":"https:\/\/api.w.org\/{rel}","templated":true}]}}